{"id":55,"date":"2010-11-23T19:50:11","date_gmt":"2010-11-23T19:50:11","guid":{"rendered":"http:\/\/www.alzheimer-guetersloh.de\/?page_id=55"},"modified":"2023-11-17T09:53:31","modified_gmt":"2023-11-17T09:53:31","slug":"mitglied-werden","status":"publish","type":"page","link":"https:\/\/www.alzheimer-guetersloh.de\/?page_id=55","title":{"rendered":"Mitglied werden"},"content":{"rendered":"<p><strong>Unterst\u00fctzen Sie die Arbeit der Alzheimer Gesellschaft Kreis G\u00fctersloh e.V. durch Ihre Mitgliedschaft. <\/strong><\/p>\n<p style=\"text-align: justify;\">Als Mitglied erhalten Sie regelm\u00e4\u00dfig aktuelle Informationen \u00fcber die Arbeit der Alzheimer Gesellschaft Kreis G\u00fctersloh e.V. und Fachinformationen zu unterschiedlichen Aspekten von Demenzerkrankungen. Sie k\u00f6nnen sich aktiv bzw. mit Ihrem Stimmrecht an der Arbeit der Alzheimer Gesellschaft Kreis G\u00fctersloh beteiligen.<\/p>\n<p>Unsere Ziele sind u. a.:<\/p>\n<ul>\n<li>Informationen \u00fcber die Erkrankung geben<\/li>\n<li>Die Krankheitsbew\u00e4ltigung der Betroffenen und die Selbsthilfef\u00e4higkeit der Angeh\u00f6rigen verbessern<\/li>\n<li>Initiativen unterst\u00fctzen, die die Verbesserung der Situation Demenzkranker und ihrer Familien zum Inhalt haben<\/li>\n<li>Neue Betreuungs- und Pflegeformen entwickeln und erproben<\/li>\n<\/ul>\n<p><a href=\"http:\/\/www.alzheimer-guetersloh.de\/uploads\/Antrag-auf-Mitgliedschaft-2023.pdf\">Antrag auf Mitgliedschaft 2023<\/a><\/p>\n<p style=\"text-align: justify;\">Die Alzheimer Gesellschaft Kreis G\u00fctersloh e.V. ist als gemeinn\u00fctziger Verein anerkannt. Daher k\u00f6nnen Sie jede Spende wie auch Ihren Mitgliedsbeitrag zu 100% von der Steuer absetzen. Zur Anerkennung gen\u00fcgt dem Finanzamt der \u00dcberweisungsbeleg (bis zu 200 \u20ac), auf Wunsch stellen wir nat\u00fcrlich auch Zuwendungsbest\u00e4tigungen aus.<\/p>\n","protected":false},"excerpt":{"rendered":"<p>Unterst\u00fctzen Sie die Arbeit der Alzheimer Gesellschaft Kreis G\u00fctersloh e.V. durch Ihre Mitgliedschaft. Als Mitglied erhalten Sie regelm\u00e4\u00dfig aktuelle Informationen \u00fcber die Arbeit der Alzheimer Gesellschaft Kreis G\u00fctersloh e.V. und Fachinformationen zu unterschiedlichen Aspekten von Demenzerkrankungen. Sie k\u00f6nnen sich aktiv bzw. mit Ihrem Stimmrecht an der Arbeit der Alzheimer Gesellschaft Kreis G\u00fctersloh beteiligen. Unsere Ziele sind u. a.: Informationen \u00fcber<\/p>\n","protected":false},"author":1,"featured_media":0,"parent":2,"menu_order":1,"comment_status":"open","ping_status":"open","template":"","meta":{"footnotes":""},"class_list":["post-55","page","type-page","status-publish","hentry"],"_links":{"self":[{"href":"https:\/\/www.alzheimer-guetersloh.de\/index.php?rest_route=\/wp\/v2\/pages\/55","targetHints":{"allow":["GET"]}}],"collection":[{"href":"https:\/\/www.alzheimer-guetersloh.de\/index.php?rest_route=\/wp\/v2\/pages"}],"about":[{"href":"https:\/\/www.alzheimer-guetersloh.de\/index.php?rest_route=\/wp\/v2\/types\/page"}],"author":[{"embeddable":true,"href":"https:\/\/www.alzheimer-guetersloh.de\/index.php?rest_route=\/wp\/v2\/users\/1"}],"replies":[{"embeddable":true,"href":"https:\/\/www.alzheimer-guetersloh.de\/index.php?rest_route=%2Fwp%2Fv2%2Fcomments&post=55"}],"version-history":[{"count":15,"href":"https:\/\/www.alzheimer-guetersloh.de\/index.php?rest_route=\/wp\/v2\/pages\/55\/revisions"}],"predecessor-version":[{"id":739,"href":"https:\/\/www.alzheimer-guetersloh.de\/index.php?rest_route=\/wp\/v2\/pages\/55\/revisions\/739"}],"up":[{"embeddable":true,"href":"https:\/\/www.alzheimer-guetersloh.de\/index.php?rest_route=\/wp\/v2\/pages\/2"}],"wp:attachment":[{"href":"https:\/\/www.alzheimer-guetersloh.de\/index.php?rest_route=%2Fwp%2Fv2%2Fmedia&parent=55"}],"curies":[{"name":"wp","href":"https:\/\/api.w.org\/{rel}","templated":true}]}}