{"id":509,"date":"2018-05-18T11:48:38","date_gmt":"2018-05-18T11:48:38","guid":{"rendered":"http:\/\/www.alzheimer-guetersloh.de\/?page_id=509"},"modified":"2022-05-08T11:04:14","modified_gmt":"2022-05-08T11:04:14","slug":"mittendrin-bewegt-einfach-mal-radfahren","status":"publish","type":"page","link":"https:\/\/www.alzheimer-guetersloh.de\/?page_id=509","title":{"rendered":"Mittendrin bewegt &#8211; Einfach mal Radfahren"},"content":{"rendered":"<p align=\"LEFT\">Das ist mehr als sich nur die Beine vertreten!<\/p>\n<p align=\"LEFT\">Radfahren ist ein gesunder Freizeitsport mit Fitness- und Wohlf\u00fchl-Eekt in einem! In die Pedale treten, die Blicke schweifen lassen und dabei die Nase in den Wind halten!<\/p>\n<p align=\"LEFT\">Unter diesem Motto sind von einer Demenz betroffene Menschen und ihre Angeh\u00f6rigen herzlich eingeladen, sich unserer <strong>gef\u00fchrten Radtour<\/strong> durch das Rietberger Land anzuschlie\u00dfen.<\/p>\n<p align=\"LEFT\"><img loading=\"lazy\" decoding=\"async\" class=\" wp-image-511 alignnone\" src=\"http:\/\/www.alzheimer-guetersloh.de\/uploads\/Fahrradtour.png\" alt=\"\" width=\"564\" height=\"386\" srcset=\"https:\/\/www.alzheimer-guetersloh.de\/uploads\/Fahrradtour.png 992w, https:\/\/www.alzheimer-guetersloh.de\/uploads\/Fahrradtour-300x205.png 300w, https:\/\/www.alzheimer-guetersloh.de\/uploads\/Fahrradtour-768x526.png 768w\" sizes=\"auto, (max-width: 564px) 100vw, 564px\" \/><\/p>\n<p align=\"LEFT\">Unter <strong>fachkundiger Begleitung des Radsportclubs Rietberg<\/strong> geht es \u00fcber eine ausgesuchte Strecke durch sch\u00f6ne Naturlandschaften. Im Vordergrund stehen die Freude an der Bewegung und das gemeinsame Erleben in der Gruppe.<\/p>\n<p align=\"LEFT\">Wenn dieses Angebot f\u00fcr Fr\u00fchdemenz-Erkrankte Ihren Anklang findet, bieten wir vergleichbare Tourenin Zukunft auch h\u00e4ufiger an!<\/p>\n<p style=\"text-align: left;\">Termine und Anmeldeinformationen gibt es hier:<\/p>\n<p><a href=\"http:\/\/www.alzheimer-guetersloh.de\/uploads\/PK-Radtour-Demenz_final.pdf\">PK Radtour Demenz_final<\/a><\/p>\n","protected":false},"excerpt":{"rendered":"<p>Das ist mehr als sich nur die Beine vertreten! Radfahren ist ein gesunder Freizeitsport mit Fitness- und Wohlf\u00fchl-Eekt in einem! In die Pedale treten, die Blicke schweifen lassen und dabei die Nase in den Wind halten! Unter diesem Motto sind von einer Demenz betroffene Menschen und ihre Angeh\u00f6rigen herzlich eingeladen, sich unserer gef\u00fchrten Radtour durch das Rietberger Land anzuschlie\u00dfen. Unter<\/p>\n","protected":false},"author":3,"featured_media":0,"parent":334,"menu_order":0,"comment_status":"closed","ping_status":"closed","template":"","meta":{"footnotes":""},"class_list":["post-509","page","type-page","status-publish","hentry"],"_links":{"self":[{"href":"https:\/\/www.alzheimer-guetersloh.de\/index.php?rest_route=\/wp\/v2\/pages\/509","targetHints":{"allow":["GET"]}}],"collection":[{"href":"https:\/\/www.alzheimer-guetersloh.de\/index.php?rest_route=\/wp\/v2\/pages"}],"about":[{"href":"https:\/\/www.alzheimer-guetersloh.de\/index.php?rest_route=\/wp\/v2\/types\/page"}],"author":[{"embeddable":true,"href":"https:\/\/www.alzheimer-guetersloh.de\/index.php?rest_route=\/wp\/v2\/users\/3"}],"replies":[{"embeddable":true,"href":"https:\/\/www.alzheimer-guetersloh.de\/index.php?rest_route=%2Fwp%2Fv2%2Fcomments&post=509"}],"version-history":[{"count":1,"href":"https:\/\/www.alzheimer-guetersloh.de\/index.php?rest_route=\/wp\/v2\/pages\/509\/revisions"}],"predecessor-version":[{"id":512,"href":"https:\/\/www.alzheimer-guetersloh.de\/index.php?rest_route=\/wp\/v2\/pages\/509\/revisions\/512"}],"up":[{"embeddable":true,"href":"https:\/\/www.alzheimer-guetersloh.de\/index.php?rest_route=\/wp\/v2\/pages\/334"}],"wp:attachment":[{"href":"https:\/\/www.alzheimer-guetersloh.de\/index.php?rest_route=%2Fwp%2Fv2%2Fmedia&parent=509"}],"curies":[{"name":"wp","href":"https:\/\/api.w.org\/{rel}","templated":true}]}}