{"id":2,"date":"2010-10-26T19:47:19","date_gmt":"2010-10-26T19:47:19","guid":{"rendered":"http:\/\/www.alzheimer-guetersloh.de\/?page_id=2"},"modified":"2018-04-17T17:21:25","modified_gmt":"2018-04-17T17:21:25","slug":"eine-seite","status":"publish","type":"page","link":"https:\/\/www.alzheimer-guetersloh.de\/?page_id=2","title":{"rendered":"Alzheimer Gesellschaft allgemein"},"content":{"rendered":"<p style=\"text-align: justify;\"><strong>Die Alzheimer Gesellschaft<\/strong><\/p>\n<p style=\"text-align: justify;\">Die Deutsche Alzheimer Gesellschaft ist ein Zusammenschluss von vielen Selbsthilfe-Gruppen f\u00fcr demenzkranke Menschen in Deutschland. (<em>Die Alzheimer-Krankheit ist die h\u00e4ufigste Demenz-Erkrankung im h\u00f6heren Lebensalter)<\/em> Sie setzt sich ein f\u00fcr die Verbesserung der Situation von Menschen, die von Demenz betroffen sind und f\u00fcr ihre Familien.<\/p>\n<p>Ziele sind u. a.:<\/p>\n<ul>\n<li>Informationen \u00fcber die Erkrankung geben<\/li>\n<li>Die Krankheitsbew\u00e4ltigung der Betroffenen und die Selbsthilfef\u00e4higkeit der Angeh\u00f6rigen verbessern<\/li>\n<li>Initiativen unterst\u00fctzen, die die Verbesserung der Situation Demenzkranker und ihrer Familien zum Inhalt haben<\/li>\n<li>Neue Betreuungs- und Pflegeformen entwickeln und erproben<\/li>\n<\/ul>\n<p>Im Kreis G\u00fctersloh wurde 2005 eine Alzheimer Gesellschaft gegr\u00fcndet.<\/p>\n<p>Den Vorstand der Alzheimer Gesellschaft Kreis G\u00fctersloh bilden Dr. Gerhard N\u00fcbel (1. Vorsitzende) und Markus Bartsch-Mertens(Stellvertreter)<\/p>\n<p style=\"text-align: justify;\"><strong>Herausforderung Demenzerkrankung<\/strong><\/p>\n<p style=\"text-align: justify;\">Menschen, die von einer Demenz-Erkrankung* betroffen sind und ihre Angeh\u00f6rigen haben es in mehrfacher Hinsicht sehr schwer: Man merkt, dass das Ged\u00e4chtnis, oft auch andere F\u00e4higkeiten, nachlassen, aber man k\u00e4mpft verzweifelt dagegen an und will es oft nicht wahrhaben. Man sch\u00e4mt sich und will keinen Menschen mehr sehen \u2013 gleichzeitig f\u00fchlt man sich von Freunden und Verwandten oft alleingelassen und unverstanden.<\/p>\n<p style=\"text-align: justify;\">Die meisten \u00e4lteren Menschen mit Demenzerkrankungen leben in der eigenen Familie oder mit ihrem Ehepartner zusammen. Die Probleme beginnen meist damit, dass es gro\u00dfe M\u00fche kostet, dem Betroffenen seine Hilfsbed\u00fcrftigkeit und seine Einschr\u00e4nkungen immer wieder zu erkl\u00e4ren, weil er selbst meint, er wisse und k\u00f6nne noch alles alleine. Meist muss man nicht nur rund um die Uhr helfen und erkl\u00e4ren, sondern sich auch an viele Verhaltensver\u00e4nderungen und St\u00f6rungen gew\u00f6hnen. All das stellt f\u00fcr die Angeh\u00f6rigen, Ehepartner, Kinder oder Verwandten eine oft un\u00fcberwindbare Herausforderung dar und wirft immer wieder Fragen auf.<\/p>\n<p style=\"text-align: justify;\">Weil die durchschnittliche Lebenserwartung steigt, wir also \u00e4lter werden als fr\u00fcher, wird die Zahl demenzkranker Menschen in den n\u00e4chsten Jahren weiter ansteigen. Demenz stellt daher nicht nur f\u00fcr den Einzelnen, sondern auch f\u00fcr die Gesellschaft eine enorme Herausforderung dar. Wie menschliche eine Gesellschaft ist, zeigt sich auch daran, wie sie mit ihren schw\u00e4chsten Mitgliedern umgeht.<\/p>\n<p style=\"text-align: justify;\">Aktivit\u00e4ten der Alzheimer Gesellschaft Kreis G\u00fctersloh e. V. sind:<\/p>\n<ul>\n<li>Alzheimer-Caf\u00e9 in G\u00fctersloh und Rietberg<\/li>\n<li>Gespr\u00e4chskreis f\u00fcr Angeh\u00f6rige von Demenzerkrankten in G\u00fctersloh<\/li>\n<li>Schulungsreihe \u201eHilfe beim Helfen\u201c f\u00fcr Angeh\u00f6rige von Demenzerkrankten, wechselnd in verschiedenen Orten des Kreis G\u00fctersloh<\/li>\n<li>Veranstaltungen, Ausstellungen, Infost\u00e4nde zu verschiedenen Anl\u00e4ssen<\/li>\n<\/ul>\n<p style=\"text-align: justify;\">\n","protected":false},"excerpt":{"rendered":"<p>Die Alzheimer Gesellschaft Die Deutsche Alzheimer Gesellschaft ist ein Zusammenschluss von vielen Selbsthilfe-Gruppen f\u00fcr demenzkranke Menschen in Deutschland. (Die Alzheimer-Krankheit ist die h\u00e4ufigste Demenz-Erkrankung im h\u00f6heren Lebensalter) Sie setzt sich ein f\u00fcr die Verbesserung der Situation von Menschen, die von Demenz betroffen sind und f\u00fcr ihre Familien. Ziele sind u. a.: Informationen \u00fcber die Erkrankung geben Die Krankheitsbew\u00e4ltigung der Betroffenen<\/p>\n","protected":false},"author":2,"featured_media":0,"parent":0,"menu_order":4,"comment_status":"open","ping_status":"open","template":"","meta":{"footnotes":""},"class_list":["post-2","page","type-page","status-publish","hentry"],"_links":{"self":[{"href":"https:\/\/www.alzheimer-guetersloh.de\/index.php?rest_route=\/wp\/v2\/pages\/2","targetHints":{"allow":["GET"]}}],"collection":[{"href":"https:\/\/www.alzheimer-guetersloh.de\/index.php?rest_route=\/wp\/v2\/pages"}],"about":[{"href":"https:\/\/www.alzheimer-guetersloh.de\/index.php?rest_route=\/wp\/v2\/types\/page"}],"author":[{"embeddable":true,"href":"https:\/\/www.alzheimer-guetersloh.de\/index.php?rest_route=\/wp\/v2\/users\/2"}],"replies":[{"embeddable":true,"href":"https:\/\/www.alzheimer-guetersloh.de\/index.php?rest_route=%2Fwp%2Fv2%2Fcomments&post=2"}],"version-history":[{"count":8,"href":"https:\/\/www.alzheimer-guetersloh.de\/index.php?rest_route=\/wp\/v2\/pages\/2\/revisions"}],"predecessor-version":[{"id":483,"href":"https:\/\/www.alzheimer-guetersloh.de\/index.php?rest_route=\/wp\/v2\/pages\/2\/revisions\/483"}],"wp:attachment":[{"href":"https:\/\/www.alzheimer-guetersloh.de\/index.php?rest_route=%2Fwp%2Fv2%2Fmedia&parent=2"}],"curies":[{"name":"wp","href":"https:\/\/api.w.org\/{rel}","templated":true}]}}