{"id":331,"date":"2014-10-23T14:44:34","date_gmt":"2014-10-23T14:44:34","guid":{"rendered":"http:\/\/www.alzheimer-guetersloh.de\/?page_id=331"},"modified":"2014-10-30T09:56:18","modified_gmt":"2014-10-30T09:56:18","slug":"wohltaetigkeitsauktion-plakat-der-alzheimer-gesellschaft-kreis-guetersloh-e-v","status":"publish","type":"page","link":"http:\/\/www.alzheimer-guetersloh.de\/?page_id=331","title":{"rendered":"Wohlt\u00e4tigkeitsauktion &#8211; Plakat der Alzheimer Gesellschaft Kreis G\u00fctersloh e.V."},"content":{"rendered":"<p>Im G\u00fctersloher Stadtbild fielen bis zum 21.10.2014 gr\u00fcne <strong>Plakate mit Zitaten von Menschen mit Demenz<\/strong> auf, sie wurden von der Alzheimer Gesellschaft Kreis G\u00fctersloh e.V. gesammelt. Sie stellen die bei Menschen mit Demenz noch immer vorhandene Empathie und emotionale Empfindsamkeit in den Mittelpunkt der Betrachtung.<\/p>\n<p><strong>Das Motto: Vergessen schr\u00e4nkt das Empfinden nicht ein!<\/strong><\/p>\n<p>Heute leben in Deutschland etwa 1,5 Millionen Menschen mit Demenzerkrankungen. Ungef\u00e4hr zwei Drittel davon leiden an der Alzheimer-Demenz. Ihre Zahl wird bis 2050 auf 3 Millionen steigen, sofern kein Durchbruch in der Therapie gelingt.<\/p>\n<p>Die <strong>Deutsche Alzheimer Gesellschaft e.V. Selbsthilfe Demenz<\/strong> ist der Bundesverband von derzeit 137 regionalen Alzheimer-Gesellschaften, Angeh\u00f6rigengruppen und Landesverb\u00e4nden. Die <strong>Alzheimer Gesellschaft Kreis G\u00fctersloh e.V. ist Teil dieses Netzwerkes<\/strong>.<\/p>\n<p><a href=\"http:\/\/www.ebay.de\/itm\/Wohltaetigkeitsauktion-Plakat-der-Alzheimer-Gesellschaft-Kreis-Guetersloh-e-V-\/281475431338?ssPageName=ADME:L:LCA:DE:1123\">Mit dieser <em>Auktion<\/em> k\u00f6nnen Sie den <em>gemeinn\u00fctzigen Zweck der Alzheimer Gesellschaft<\/em> unterst\u00fctzen, indem Sie f\u00fcr eines der Plakate bieten.<\/a><\/p>\n<p>Zu ersteigern ist ein <strong>einzigartiges Exemplar<\/strong>, dass neben der Unterschrift <strong>von Bundesminister f\u00fcr Arbeit und Soziales und Vizekanzler a.D. Franz M\u00fcntefering<\/strong>, zahlreiche Unterschriften anderer Kongressteilnehmer des 8. Deutschen Alzheimer Kongresses in G\u00fctersloh aufweist.<\/p>\n","protected":false},"excerpt":{"rendered":"<p>Im G\u00fctersloher Stadtbild fielen bis zum 21.10.2014 gr\u00fcne Plakate mit Zitaten von Menschen mit Demenz auf, sie wurden von der Alzheimer Gesellschaft Kreis G\u00fctersloh e.V. gesammelt. Sie stellen die bei Menschen mit Demenz noch immer vorhandene Empathie und emotionale Empfindsamkeit in den Mittelpunkt der Betrachtung. Das Motto: Vergessen schr\u00e4nkt das Empfinden nicht ein! Heute leben in Deutschland etwa 1,5 Millionen<\/p>\n","protected":false},"author":3,"featured_media":0,"parent":334,"menu_order":0,"comment_status":"open","ping_status":"open","template":"","meta":{"footnotes":""},"class_list":["post-331","page","type-page","status-publish","hentry"],"_links":{"self":[{"href":"http:\/\/www.alzheimer-guetersloh.de\/index.php?rest_route=\/wp\/v2\/pages\/331","targetHints":{"allow":["GET"]}}],"collection":[{"href":"http:\/\/www.alzheimer-guetersloh.de\/index.php?rest_route=\/wp\/v2\/pages"}],"about":[{"href":"http:\/\/www.alzheimer-guetersloh.de\/index.php?rest_route=\/wp\/v2\/types\/page"}],"author":[{"embeddable":true,"href":"http:\/\/www.alzheimer-guetersloh.de\/index.php?rest_route=\/wp\/v2\/users\/3"}],"replies":[{"embeddable":true,"href":"http:\/\/www.alzheimer-guetersloh.de\/index.php?rest_route=%2Fwp%2Fv2%2Fcomments&post=331"}],"version-history":[{"count":1,"href":"http:\/\/www.alzheimer-guetersloh.de\/index.php?rest_route=\/wp\/v2\/pages\/331\/revisions"}],"predecessor-version":[{"id":332,"href":"http:\/\/www.alzheimer-guetersloh.de\/index.php?rest_route=\/wp\/v2\/pages\/331\/revisions\/332"}],"up":[{"embeddable":true,"href":"http:\/\/www.alzheimer-guetersloh.de\/index.php?rest_route=\/wp\/v2\/pages\/334"}],"wp:attachment":[{"href":"http:\/\/www.alzheimer-guetersloh.de\/index.php?rest_route=%2Fwp%2Fv2%2Fmedia&parent=331"}],"curies":[{"name":"wp","href":"https:\/\/api.w.org\/{rel}","templated":true}]}}