{"id":141,"date":"2012-02-26T15:44:06","date_gmt":"2012-02-26T15:44:06","guid":{"rendered":"http:\/\/www.alzheimer-guetersloh.de\/?page_id=141"},"modified":"2026-02-09T14:02:53","modified_gmt":"2026-02-09T14:02:53","slug":"aktueller-sitzungstermin","status":"publish","type":"page","link":"http:\/\/www.alzheimer-guetersloh.de\/?page_id=141","title":{"rendered":"aktueller Sitzungstermin"},"content":{"rendered":"<p><strong>Die Teilnahme ist nat\u00fcrlich auch ohne vorherige Anmeldung oder Mitgliedschaft m\u00f6glich!<\/strong><\/p>\n<p><strong>aktueller Termin :<\/strong><\/p>\n<p>19.Februar 2025, 18:00<\/p>\n<p>Tagespflege im Wilhelm-Florin-Zentrum,<\/p>\n<p>Dr.-Kranefu\u00df Stra\u00dfe 3, 33330 G\u00fctersloh<\/p>\n<p><span style=\"font-size: 15.2015px;\"><strong>Termin Jahreshauptversammlung mit Gesch\u00e4ftsbericht 2025:<\/strong>\u00a0<\/span><\/p>\n<p>19. M\u00e4rz 2026, 18:00 Uhr<\/p>\n<p><span style=\"font-size: 15.2015px;\">Tagespflege im Wilhelm-Florin-Zentrum,<\/span><\/p>\n<p><span style=\"font-size: 15.2015px;\">Dr.-Kranefu\u00df Stra\u00dfe 3, 33330 G\u00fctersloh<\/span><\/p>\n","protected":false},"excerpt":{"rendered":"<p>Die Teilnahme ist nat\u00fcrlich auch ohne vorherige Anmeldung oder Mitgliedschaft m\u00f6glich! aktueller Termin : 19.Februar 2025, 18:00 Tagespflege im Wilhelm-Florin-Zentrum, Dr.-Kranefu\u00df Stra\u00dfe 3, 33330 G\u00fctersloh Termin Jahreshauptversammlung mit Gesch\u00e4ftsbericht 2025:\u00a0 19. M\u00e4rz 2026, 18:00 Uhr Tagespflege im Wilhelm-Florin-Zentrum, Dr.-Kranefu\u00df Stra\u00dfe 3, 33330 G\u00fctersloh<\/p>\n","protected":false},"author":3,"featured_media":0,"parent":2,"menu_order":0,"comment_status":"open","ping_status":"open","template":"","meta":{"footnotes":""},"class_list":["post-141","page","type-page","status-publish","hentry"],"_links":{"self":[{"href":"http:\/\/www.alzheimer-guetersloh.de\/index.php?rest_route=\/wp\/v2\/pages\/141","targetHints":{"allow":["GET"]}}],"collection":[{"href":"http:\/\/www.alzheimer-guetersloh.de\/index.php?rest_route=\/wp\/v2\/pages"}],"about":[{"href":"http:\/\/www.alzheimer-guetersloh.de\/index.php?rest_route=\/wp\/v2\/types\/page"}],"author":[{"embeddable":true,"href":"http:\/\/www.alzheimer-guetersloh.de\/index.php?rest_route=\/wp\/v2\/users\/3"}],"replies":[{"embeddable":true,"href":"http:\/\/www.alzheimer-guetersloh.de\/index.php?rest_route=%2Fwp%2Fv2%2Fcomments&post=141"}],"version-history":[{"count":70,"href":"http:\/\/www.alzheimer-guetersloh.de\/index.php?rest_route=\/wp\/v2\/pages\/141\/revisions"}],"predecessor-version":[{"id":836,"href":"http:\/\/www.alzheimer-guetersloh.de\/index.php?rest_route=\/wp\/v2\/pages\/141\/revisions\/836"}],"up":[{"embeddable":true,"href":"http:\/\/www.alzheimer-guetersloh.de\/index.php?rest_route=\/wp\/v2\/pages\/2"}],"wp:attachment":[{"href":"http:\/\/www.alzheimer-guetersloh.de\/index.php?rest_route=%2Fwp%2Fv2%2Fmedia&parent=141"}],"curies":[{"name":"wp","href":"https:\/\/api.w.org\/{rel}","templated":true}]}}